{"id":92,"date":"2019-10-04T16:51:34","date_gmt":"2019-10-04T16:51:34","guid":{"rendered":"http:\/\/inoxmecal.com\/wordpress\/?page_id=92"},"modified":"2025-11-04T08:37:52","modified_gmt":"2025-11-04T08:37:52","slug":"inicio-2","status":"publish","type":"page","link":"https:\/\/inoxmecal.com\/","title":{"rendered":"Inicio"},"content":{"rendered":"<div><ss3-force-full-width data-overflow-x=\"body\" data-horizontal-selector=\"body\"><div class=\"n2-section-smartslider fitvidsignore \" data-ssid=\"4\" tabindex=\"0\" role=\"region\" aria-label=\"Slider\"><div id=\"n2-ss-4-align\" class=\"n2-ss-align\"><div class=\"n2-padding\"><div id=\"n2-ss-4\" data-creator=\"Smart Slider 3\" data-responsive=\"fullwidth\" class=\"n2-ss-slider n2-ow n2-has-hover n2notransition  \">\n\n\n\n<div class=\"n2-ss-slider-wrapper-inside\">\n        <div class=\"n2-ss-slider-1 n2_ss__touch_element n2-ow\">\n            <div class=\"n2-ss-slider-2 n2-ow\">\n                                                    <div class=\"n2-ss-background-animation n2-ow\"><\/div>\n                                <div class=\"n2-ss-slider-3 n2-ow\">\n\n                    <div class=\"n2-ss-slide-backgrounds n2-ow-all\"><div class=\"n2-ss-slide-background\" data-public-id=\"1\" data-mode=\"fill\"><div class=\"n2-ss-slide-background-image\" data-blur=\"0\" data-opacity=\"100\" data-x=\"50\" data-y=\"50\" data-alt=\"\" data-title=\"\"><picture class=\"skip-lazy\" data-skip-lazy=\"1\"><img src=\"\/\/inoxmecal.com\/wp-content\/uploads\/2019\/10\/DSC_9432.jpg\" alt=\"\" title=\"\" loading=\"lazy\" class=\"skip-lazy\" data-skip-lazy=\"1\"><\/picture><\/div><div data-color=\"RGBA(255,255,255,0)\" style=\"background-color: RGBA(255,255,255,0);\" class=\"n2-ss-slide-background-color\"><\/div><\/div><div class=\"n2-ss-slide-background\" data-public-id=\"2\" data-mode=\"fill\" aria-hidden=\"true\"><div class=\"n2-ss-slide-background-image\" data-blur=\"0\" data-opacity=\"100\" data-x=\"50\" data-y=\"50\" data-alt=\"\" data-title=\"\"><picture class=\"skip-lazy\" data-skip-lazy=\"1\"><img src=\"\/\/inoxmecal.com\/wp-content\/uploads\/2019\/10\/DSC_9428.jpg\" alt=\"\" title=\"\" loading=\"lazy\" class=\"skip-lazy\" data-skip-lazy=\"1\"><\/picture><\/div><div data-color=\"RGBA(255,255,255,0)\" style=\"background-color: RGBA(255,255,255,0);\" class=\"n2-ss-slide-background-color\"><\/div><\/div><div class=\"n2-ss-slide-background\" data-public-id=\"3\" data-mode=\"fill\" aria-hidden=\"true\"><div class=\"n2-ss-slide-background-image\" data-blur=\"0\" data-opacity=\"100\" data-x=\"50\" data-y=\"50\" data-alt=\"\" data-title=\"\"><picture class=\"skip-lazy\" data-skip-lazy=\"1\"><img src=\"\/\/inoxmecal.com\/wp-content\/uploads\/2019\/10\/DSC_9412.jpg\" alt=\"\" title=\"\" loading=\"lazy\" class=\"skip-lazy\" data-skip-lazy=\"1\"><\/picture><\/div><div data-color=\"RGBA(255,255,255,0)\" style=\"background-color: RGBA(255,255,255,0);\" class=\"n2-ss-slide-background-color\"><\/div><\/div><div class=\"n2-ss-slide-background\" data-public-id=\"4\" data-mode=\"fill\" aria-hidden=\"true\"><div class=\"n2-ss-slide-background-image\" data-blur=\"0\" data-opacity=\"100\" data-x=\"50\" data-y=\"50\" data-alt=\"\" data-title=\"\"><picture class=\"skip-lazy\" data-skip-lazy=\"1\"><img src=\"\/\/inoxmecal.com\/wp-content\/uploads\/2019\/10\/foto02.jpg\" alt=\"\" title=\"\" loading=\"lazy\" class=\"skip-lazy\" data-skip-lazy=\"1\"><\/picture><\/div><div data-color=\"RGBA(255,255,255,0)\" style=\"background-color: RGBA(255,255,255,0);\" class=\"n2-ss-slide-background-color\"><\/div><\/div><\/div>                    <div class=\"n2-ss-slider-4 n2-ow\">\n                        <svg xmlns=\"http:\/\/www.w3.org\/2000\/svg\" viewBox=\"0 0 1920 400\" data-related-device=\"desktopPortrait\" class=\"n2-ow n2-ss-preserve-size n2-ss-preserve-size--slider n2-ss-slide-limiter\"><\/svg><div data-first=\"1\" data-slide-duration=\"0\" data-id=\"50\" data-slide-public-id=\"1\" data-title=\"DSC_9432\" class=\"n2-ss-slide n2-ow  n2-ss-slide-50\"><div role=\"note\" class=\"n2-ss-slide--focus\" tabindex=\"-1\">DSC_9432<\/div><div class=\"n2-ss-layers-container n2-ss-slide-limiter n2-ow\"><div class=\"n2-ss-layer n2-ow n-uc-2fJ0cp9IYALj\" data-sstype=\"slide\" data-pm=\"default\"><\/div><\/div><\/div><div data-slide-duration=\"0\" data-id=\"51\" data-slide-public-id=\"2\" aria-hidden=\"true\" data-title=\"DSC_9428\" class=\"n2-ss-slide n2-ow  n2-ss-slide-51\"><div role=\"note\" class=\"n2-ss-slide--focus\" tabindex=\"-1\">DSC_9428<\/div><div class=\"n2-ss-layers-container n2-ss-slide-limiter n2-ow\"><div class=\"n2-ss-layer n2-ow n-uc-2nmysRiIylw0\" data-sstype=\"slide\" data-pm=\"default\"><\/div><\/div><\/div><div data-slide-duration=\"0\" data-id=\"52\" data-slide-public-id=\"3\" aria-hidden=\"true\" data-title=\"DSC_9412\" class=\"n2-ss-slide n2-ow  n2-ss-slide-52\"><div role=\"note\" class=\"n2-ss-slide--focus\" tabindex=\"-1\">DSC_9412<\/div><div class=\"n2-ss-layers-container n2-ss-slide-limiter n2-ow\"><div class=\"n2-ss-layer n2-ow n-uc-muFAtTNicJPb\" data-sstype=\"slide\" data-pm=\"default\"><\/div><\/div><\/div><div data-slide-duration=\"0\" data-id=\"55\" data-slide-public-id=\"4\" aria-hidden=\"true\" data-title=\"foto02\" class=\"n2-ss-slide n2-ow  n2-ss-slide-55\"><div role=\"note\" class=\"n2-ss-slide--focus\" tabindex=\"-1\">foto02<\/div><div class=\"n2-ss-layers-container n2-ss-slide-limiter n2-ow\"><div class=\"n2-ss-layer n2-ow n-uc-7klzCgYSF5FH\" data-sstype=\"slide\" data-pm=\"default\"><\/div><\/div><\/div>                    <\/div>\n\n                                    <\/div>\n            <\/div>\n        <\/div>\n        <div class=\"n2-ss-slider-controls n2-ss-slider-controls-absolute-left-center\"><div style=\"--widget-offset:15px;\" class=\"n2-ss-widget n2-ss-widget-display-hover n2-style-041670f7df29ffb4048fc6d85d61d1ee-heading nextend-arrow n2-ow-all nextend-arrow-previous  nextend-arrow-animated-fade\" data-hide-mobileportrait=\"1\" id=\"n2-ss-4-arrow-previous\" role=\"button\" aria-label=\"previous arrow\" tabindex=\"0\"><img loading=\"lazy\" width=\"32\" height=\"32\" class=\"skip-lazy\" data-skip-lazy=\"1\" src=\"data:image\/svg+xml;base64,PHN2ZyB4bWxucz0iaHR0cDovL3d3dy53My5vcmcvMjAwMC9zdmciIHdpZHRoPSIzMiIgaGVpZ2h0PSIzMiIgdmlld0JveD0iMCAwIDMyIDMyIj4KICAgIDxwYXRoIGZpbGw9IiNmZmZmZmYiIG9wYWNpdHk9IjAuOCIgZmlsbC1ydWxlPSJldmVub2RkIgogICAgICAgICAgZD0iTTE4Ljk5NTggOC45OTA3YzAtLjQyNC0uMjA0LS43MjMtLjYxLS44OTgtLjQwOS0uMTczLS43NzItLjEwNC0xLjA5My4yMDlsLTcuMDA2IDYuOTc1Yy0uMjAxLjE5OS0uMjk3LjQzNy0uMjg2LjcxNiAwIC4yNjcuMDk2LjQ5OC4yODYuNjg5bDcuMDA2IDcuMDAxYy4zMjEuMzIxLjY4NC4zODkgMS4wOTMuMjA5LjQwNi0uMTc0LjYxLS40ODIuNjEtLjkyMlY4Ljk5MDd6Ii8+Cjwvc3ZnPg==\" alt=\"previous arrow\"><\/div><\/div><div class=\"n2-ss-slider-controls n2-ss-slider-controls-absolute-right-center\"><div style=\"--widget-offset:15px;\" class=\"n2-ss-widget n2-ss-widget-display-hover n2-style-041670f7df29ffb4048fc6d85d61d1ee-heading nextend-arrow n2-ow-all nextend-arrow-next  nextend-arrow-animated-fade\" data-hide-mobileportrait=\"1\" id=\"n2-ss-4-arrow-next\" role=\"button\" aria-label=\"next arrow\" tabindex=\"0\"><img loading=\"lazy\" width=\"32\" height=\"32\" class=\"skip-lazy\" data-skip-lazy=\"1\" src=\"data:image\/svg+xml;base64,PHN2ZyB3aWR0aD0iMzIiIGhlaWdodD0iMzIiIHZpZXdCb3g9IjAgMCAzMiAzMiIgeG1sbnM9Imh0dHA6Ly93d3cudzMub3JnLzIwMDAvc3ZnIj4KICAgIDxwYXRoIGQ9Ik0xMiA4Ljk5YzAtLjQyMy4yMDQtLjcyMi42MS0uODk3LjQwOC0uMTczLjc3Mi0uMTA0IDEuMDkyLjIxbDcuMDA2IDYuOTc0Yy4yMDIuMi4yOTguNDM3LjI4Ny43MTYgMCAuMjY3LS4wOTYuNDk4LS4yODcuNjlsLTcuMDA2IDdjLS4zMi4zMi0uNjg0LjM5LTEuMDkyLjIxLS40MDYtLjE3NS0uNjEtLjQ4My0uNjEtLjkyM1Y4Ljk5eiIKICAgICAgICAgIGZpbGw9IiNmZmZmZmYiIG9wYWNpdHk9IjAuOCIgZmlsbC1ydWxlPSJldmVub2RkIi8+Cjwvc3ZnPg==\" alt=\"next arrow\"><\/div><\/div><\/div><\/div><ss3-loader><\/ss3-loader><\/div><\/div><div class=\"n2_clear\"><\/div><\/div><\/ss3-force-full-width><\/div>\n\n\n<blockquote class=\"wp-block-quote is-style-default\"><p><\/p><p><em><strong>\u00abLas oportunidades no pasan, las creas\u00bb<\/strong><\/em><\/p><\/blockquote>\n\n\n\n<p><em>INOXMECAL SERRANO<\/em> es una empresa que desde el 2007 dedica su actividad a la fabricaci\u00f3n de <strong>estructuras met\u00e1licas<\/strong> especializada en <strong>calderer\u00eda de inoxidable <\/strong>y de<strong> mecanizado<\/strong>, levantada sobre una parcela de 5.000 metros cuadrados con una nave que ocupa una superficie de 3.600 metros en la localidad de Marcilla (Navarra).<\/p>\n\n\n\n<p> En 2021 se crea <em>L\u00c1SER INOXMECAL<\/em>, una empresa paralela que sirve como ampliaci\u00f3n para los nuevos servicios que ofrece a dia de hoy INOXMECAL SERRANO tales como corte por l\u00e1ser, plegado etc..<\/p>\n\n\n\n<p>Sus productos, a trav\u00e9s de terceros, est\u00e1n llegando actualmente a&nbsp;mercados exteriores como Chile, M\u00e9xico y Alemania. <\/p>\n\n\n\n<p>Los 3 pilares principales que garantizan la continuidad y el \u00e9xito de Inoxmecal son: <\/p>\n\n\n\n<p><img loading=\"lazy\" width=\"91\" height=\"82\" class=\"wp-image-132\" style=\"width: 50px;\" src=\"http:\/\/inoxmecal.com\/wp-content\/uploads\/2019\/10\/SERVICIO.png\" alt=\"\"><strong>Servicio:<\/strong> Los recursos de los que parte y la experiencia son un valor a\u00f1adido para evitar todo tipo de obst\u00e1culos que se presenten y afrontando todo tipo de retos, cumpliendo asi con el objetivo de una disposici\u00f3n plena para el cliente.<\/p>\n\n\n\n<p><img loading=\"lazy\" width=\"91\" height=\"82\" class=\"wp-image-131\" style=\"width: 50px;\" src=\"http:\/\/inoxmecal.com\/wp-content\/uploads\/2019\/10\/CONFIANZA.png\" alt=\"\"><strong>Confianza:&nbsp;<\/strong> Nos comprometemos a cumplir con todo acuerdo verbal con nuestros clientes, ya sean plazos de entrega, procesos, materiales etc\u2026 creando asi un vinculo m\u00e1s cercano y una relaci\u00f3n a largo plazo con todos ellos.<\/p>\n\n\n\n<p><img loading=\"lazy\" width=\"91\" height=\"82\" class=\"wp-image-130\" style=\"width: 50px;\" src=\"http:\/\/inoxmecal.com\/wp-content\/uploads\/2019\/10\/CALIDAD.png\" alt=\"\"><strong>Calidad:<\/strong> Nuestros a\u00f1os de experiencia y profesionalidad y nuestro compromiso hacen que nuestro producto hable por s\u00ed solo, cumpliendo asi con un sistema de gesti\u00f3n de calidad riguroso, implantado seg\u00fan la <strong>Norma UNE EN ISO 9001:2015<\/strong>, y basado en:<\/p>\n\n\n\n<ul><li>An\u00e1lisis de los riesgos y oportunidades en todos nuestros procesos, estableciendo objetivos de calidad, para lograr la <strong>mejora continua<\/strong>.<\/li><li><strong>Formaci\u00f3n e informaci\u00f3n<\/strong> de nuestros trabajadores, para conseguir un equipo competitivo y consolidado.<\/li><li>Cumplimento estricto de todos los <strong>requisitos legales y otros requisitos <\/strong>aplicables.<\/li><\/ul>\n\n\n\n<p><strong>INOXMECAL<\/strong>, se compromete a revisar y adecuar esta pol\u00edtica de calidad, y ponerla a disposici\u00f3n de todas las partes interesadas.   <\/p>\n\n\n\n<ul class=\"wp-block-gallery columns-4 is-cropped\"><li class=\"blocks-gallery-item\"><figure><a href=\"https:\/\/inoxmecal.com\/wp-content\/uploads\/2019\/10\/INI01-1024x684.jpg\"><img loading=\"lazy\" width=\"1024\" height=\"684\" src=\"https:\/\/inoxmecal.com\/wp-content\/uploads\/2019\/10\/INI01-1024x684.jpg\" alt=\"\" data-id=\"278\" data-link=\"https:\/\/inoxmecal.com\/index.php\/inicio-2\/ini01\/\" class=\"wp-image-278\" srcset=\"https:\/\/inoxmecal.com\/wp-content\/uploads\/2019\/10\/INI01-1024x684.jpg 1024w, https:\/\/inoxmecal.com\/wp-content\/uploads\/2019\/10\/INI01-300x200.jpg 300w, https:\/\/inoxmecal.com\/wp-content\/uploads\/2019\/10\/INI01-768x513.jpg 768w, https:\/\/inoxmecal.com\/wp-content\/uploads\/2019\/10\/INI01.jpg 1200w\" sizes=\"(max-width: 1024px) 100vw, 1024px\" \/><\/a><\/figure><\/li><li class=\"blocks-gallery-item\"><figure><a href=\"https:\/\/inoxmecal.com\/wp-content\/uploads\/2019\/10\/INI02-1024x684.jpg\"><img loading=\"lazy\" width=\"1024\" height=\"684\" src=\"https:\/\/inoxmecal.com\/wp-content\/uploads\/2019\/10\/INI02-1024x684.jpg\" alt=\"\" data-id=\"279\" data-link=\"https:\/\/inoxmecal.com\/index.php\/inicio-2\/ini02\/\" class=\"wp-image-279\" srcset=\"https:\/\/inoxmecal.com\/wp-content\/uploads\/2019\/10\/INI02-1024x684.jpg 1024w, https:\/\/inoxmecal.com\/wp-content\/uploads\/2019\/10\/INI02-300x200.jpg 300w, https:\/\/inoxmecal.com\/wp-content\/uploads\/2019\/10\/INI02-768x513.jpg 768w, https:\/\/inoxmecal.com\/wp-content\/uploads\/2019\/10\/INI02.jpg 1200w\" sizes=\"(max-width: 1024px) 100vw, 1024px\" \/><\/a><\/figure><\/li><li class=\"blocks-gallery-item\"><figure><a href=\"https:\/\/inoxmecal.com\/wp-content\/uploads\/2019\/10\/INI03-1024x684.jpg\"><img loading=\"lazy\" width=\"1024\" height=\"684\" src=\"https:\/\/inoxmecal.com\/wp-content\/uploads\/2019\/10\/INI03-1024x684.jpg\" alt=\"\" data-id=\"280\" data-link=\"https:\/\/inoxmecal.com\/index.php\/inicio-2\/ini03\/\" class=\"wp-image-280\" srcset=\"https:\/\/inoxmecal.com\/wp-content\/uploads\/2019\/10\/INI03-1024x684.jpg 1024w, https:\/\/inoxmecal.com\/wp-content\/uploads\/2019\/10\/INI03-300x200.jpg 300w, https:\/\/inoxmecal.com\/wp-content\/uploads\/2019\/10\/INI03-768x513.jpg 768w, https:\/\/inoxmecal.com\/wp-content\/uploads\/2019\/10\/INI03.jpg 1200w\" sizes=\"(max-width: 1024px) 100vw, 1024px\" \/><\/a><\/figure><\/li><li class=\"blocks-gallery-item\"><figure><a href=\"https:\/\/inoxmecal.com\/wp-content\/uploads\/2019\/10\/INI04-1024x684.jpg\"><img loading=\"lazy\" width=\"1024\" height=\"684\" src=\"https:\/\/inoxmecal.com\/wp-content\/uploads\/2019\/10\/INI04-1024x684.jpg\" alt=\"\" data-id=\"281\" data-link=\"https:\/\/inoxmecal.com\/index.php\/inicio-2\/ini04\/\" class=\"wp-image-281\" srcset=\"https:\/\/inoxmecal.com\/wp-content\/uploads\/2019\/10\/INI04-1024x684.jpg 1024w, https:\/\/inoxmecal.com\/wp-content\/uploads\/2019\/10\/INI04-300x200.jpg 300w, https:\/\/inoxmecal.com\/wp-content\/uploads\/2019\/10\/INI04-768x513.jpg 768w, https:\/\/inoxmecal.com\/wp-content\/uploads\/2019\/10\/INI04.jpg 1200w\" sizes=\"(max-width: 1024px) 100vw, 1024px\" \/><\/a><\/figure><\/li><li class=\"blocks-gallery-item\"><figure><a href=\"https:\/\/inoxmecal.com\/wp-content\/uploads\/2019\/10\/INI14-1024x680.jpg\"><img loading=\"lazy\" width=\"1024\" height=\"680\" src=\"https:\/\/inoxmecal.com\/wp-content\/uploads\/2019\/10\/INI14-1024x680.jpg\" alt=\"\" data-id=\"290\" data-link=\"https:\/\/inoxmecal.com\/index.php\/inicio-2\/ini14\/\" class=\"wp-image-290\" srcset=\"https:\/\/inoxmecal.com\/wp-content\/uploads\/2019\/10\/INI14-1024x680.jpg 1024w, https:\/\/inoxmecal.com\/wp-content\/uploads\/2019\/10\/INI14-300x199.jpg 300w, https:\/\/inoxmecal.com\/wp-content\/uploads\/2019\/10\/INI14-768x510.jpg 768w, https:\/\/inoxmecal.com\/wp-content\/uploads\/2019\/10\/INI14.jpg 1200w\" sizes=\"(max-width: 1024px) 100vw, 1024px\" \/><\/a><\/figure><\/li><li class=\"blocks-gallery-item\"><figure><a href=\"https:\/\/inoxmecal.com\/wp-content\/uploads\/2019\/10\/INI06-1024x684.jpg\"><img loading=\"lazy\" width=\"1024\" height=\"684\" src=\"https:\/\/inoxmecal.com\/wp-content\/uploads\/2019\/10\/INI06-1024x684.jpg\" alt=\"\" data-id=\"283\" data-link=\"https:\/\/inoxmecal.com\/index.php\/inicio-2\/ini06\/\" class=\"wp-image-283\" srcset=\"https:\/\/inoxmecal.com\/wp-content\/uploads\/2019\/10\/INI06-1024x684.jpg 1024w, https:\/\/inoxmecal.com\/wp-content\/uploads\/2019\/10\/INI06-300x200.jpg 300w, https:\/\/inoxmecal.com\/wp-content\/uploads\/2019\/10\/INI06-768x513.jpg 768w, https:\/\/inoxmecal.com\/wp-content\/uploads\/2019\/10\/INI06.jpg 1200w\" sizes=\"(max-width: 1024px) 100vw, 1024px\" \/><\/a><\/figure><\/li><li class=\"blocks-gallery-item\"><figure><a href=\"https:\/\/inoxmecal.com\/wp-content\/uploads\/2019\/10\/INI10-1024x684.jpg\"><img loading=\"lazy\" width=\"1024\" height=\"684\" src=\"https:\/\/inoxmecal.com\/wp-content\/uploads\/2019\/10\/INI10-1024x684.jpg\" alt=\"\" data-id=\"287\" data-link=\"https:\/\/inoxmecal.com\/index.php\/inicio-2\/ini10\/\" class=\"wp-image-287\" srcset=\"https:\/\/inoxmecal.com\/wp-content\/uploads\/2019\/10\/INI10-1024x684.jpg 1024w, https:\/\/inoxmecal.com\/wp-content\/uploads\/2019\/10\/INI10-300x200.jpg 300w, https:\/\/inoxmecal.com\/wp-content\/uploads\/2019\/10\/INI10-768x513.jpg 768w, https:\/\/inoxmecal.com\/wp-content\/uploads\/2019\/10\/INI10.jpg 1200w\" sizes=\"(max-width: 1024px) 100vw, 1024px\" \/><\/a><\/figure><\/li><li class=\"blocks-gallery-item\"><figure><a href=\"https:\/\/inoxmecal.com\/wp-content\/uploads\/2019\/10\/INI11-1024x684.jpg\"><img loading=\"lazy\" width=\"1024\" height=\"684\" src=\"https:\/\/inoxmecal.com\/wp-content\/uploads\/2019\/10\/INI11-1024x684.jpg\" alt=\"\" data-id=\"288\" data-link=\"https:\/\/inoxmecal.com\/index.php\/inicio-2\/ini11\/\" class=\"wp-image-288\" srcset=\"https:\/\/inoxmecal.com\/wp-content\/uploads\/2019\/10\/INI11-1024x684.jpg 1024w, https:\/\/inoxmecal.com\/wp-content\/uploads\/2019\/10\/INI11-300x200.jpg 300w, https:\/\/inoxmecal.com\/wp-content\/uploads\/2019\/10\/INI11-768x513.jpg 768w, https:\/\/inoxmecal.com\/wp-content\/uploads\/2019\/10\/INI11.jpg 1200w\" sizes=\"(max-width: 1024px) 100vw, 1024px\" \/><\/a><\/figure><\/li><li class=\"blocks-gallery-item\"><figure><a href=\"https:\/\/inoxmecal.com\/wp-content\/uploads\/2019\/10\/INI12-1024x684.jpg\"><img loading=\"lazy\" width=\"1024\" height=\"684\" src=\"https:\/\/inoxmecal.com\/wp-content\/uploads\/2019\/10\/INI12-1024x684.jpg\" alt=\"\" data-id=\"289\" data-link=\"https:\/\/inoxmecal.com\/index.php\/inicio-2\/ini12\/\" class=\"wp-image-289\" srcset=\"https:\/\/inoxmecal.com\/wp-content\/uploads\/2019\/10\/INI12-1024x684.jpg 1024w, https:\/\/inoxmecal.com\/wp-content\/uploads\/2019\/10\/INI12-300x200.jpg 300w, https:\/\/inoxmecal.com\/wp-content\/uploads\/2019\/10\/INI12-768x513.jpg 768w, https:\/\/inoxmecal.com\/wp-content\/uploads\/2019\/10\/INI12.jpg 1200w\" sizes=\"(max-width: 1024px) 100vw, 1024px\" \/><\/a><\/figure><\/li><li class=\"blocks-gallery-item\"><figure><a href=\"https:\/\/inoxmecal.com\/wp-content\/uploads\/2025\/05\/20210608_104206-1024x418.jpg\"><img loading=\"lazy\" width=\"1024\" height=\"418\" src=\"https:\/\/inoxmecal.com\/wp-content\/uploads\/2025\/05\/20210608_104206-1024x418.jpg\" alt=\"\" data-id=\"603\" data-link=\"https:\/\/inoxmecal.com\/index.php\/inicio-2\/20210608_104206\/\" class=\"wp-image-603\" srcset=\"https:\/\/inoxmecal.com\/wp-content\/uploads\/2025\/05\/20210608_104206-1024x418.jpg 1024w, https:\/\/inoxmecal.com\/wp-content\/uploads\/2025\/05\/20210608_104206-300x122.jpg 300w, https:\/\/inoxmecal.com\/wp-content\/uploads\/2025\/05\/20210608_104206-768x313.jpg 768w\" sizes=\"(max-width: 1024px) 100vw, 1024px\" \/><\/a><\/figure><\/li><li class=\"blocks-gallery-item\"><figure><a href=\"https:\/\/inoxmecal.com\/wp-content\/uploads\/2025\/05\/20210608_104312-1024x768.jpg\"><img loading=\"lazy\" width=\"1024\" height=\"768\" src=\"https:\/\/inoxmecal.com\/wp-content\/uploads\/2025\/05\/20210608_104312-1024x768.jpg\" alt=\"\" data-id=\"604\" data-link=\"https:\/\/inoxmecal.com\/index.php\/inicio-2\/20210608_104312\/\" class=\"wp-image-604\" srcset=\"https:\/\/inoxmecal.com\/wp-content\/uploads\/2025\/05\/20210608_104312-1024x768.jpg 1024w, https:\/\/inoxmecal.com\/wp-content\/uploads\/2025\/05\/20210608_104312-300x225.jpg 300w, https:\/\/inoxmecal.com\/wp-content\/uploads\/2025\/05\/20210608_104312-768x576.jpg 768w, https:\/\/inoxmecal.com\/wp-content\/uploads\/2025\/05\/20210608_104312-136x102.jpg 136w\" sizes=\"(max-width: 1024px) 100vw, 1024px\" \/><\/a><\/figure><\/li><li class=\"blocks-gallery-item\"><figure><a href=\"https:\/\/inoxmecal.com\/wp-content\/uploads\/2025\/05\/20210929_152029-1024x460.jpg\"><img loading=\"lazy\" width=\"1024\" height=\"460\" src=\"https:\/\/inoxmecal.com\/wp-content\/uploads\/2025\/05\/20210929_152029-1024x460.jpg\" alt=\"\" data-id=\"605\" data-link=\"https:\/\/inoxmecal.com\/index.php\/inicio-2\/20210929_152029\/\" class=\"wp-image-605\" srcset=\"https:\/\/inoxmecal.com\/wp-content\/uploads\/2025\/05\/20210929_152029-1024x460.jpg 1024w, https:\/\/inoxmecal.com\/wp-content\/uploads\/2025\/05\/20210929_152029-300x135.jpg 300w, https:\/\/inoxmecal.com\/wp-content\/uploads\/2025\/05\/20210929_152029-768x345.jpg 768w\" sizes=\"(max-width: 1024px) 100vw, 1024px\" \/><\/a><\/figure><\/li><li class=\"blocks-gallery-item\"><figure><a href=\"https:\/\/inoxmecal.com\/wp-content\/uploads\/2025\/05\/IMG-20210719-WA0002-1024x768.jpg\"><img loading=\"lazy\" width=\"1024\" height=\"768\" src=\"https:\/\/inoxmecal.com\/wp-content\/uploads\/2025\/05\/IMG-20210719-WA0002-1024x768.jpg\" alt=\"\" data-id=\"606\" data-link=\"https:\/\/inoxmecal.com\/index.php\/inicio-2\/img-20210719-wa0002\/\" class=\"wp-image-606\" srcset=\"https:\/\/inoxmecal.com\/wp-content\/uploads\/2025\/05\/IMG-20210719-WA0002-1024x768.jpg 1024w, https:\/\/inoxmecal.com\/wp-content\/uploads\/2025\/05\/IMG-20210719-WA0002-300x225.jpg 300w, https:\/\/inoxmecal.com\/wp-content\/uploads\/2025\/05\/IMG-20210719-WA0002-768x576.jpg 768w, https:\/\/inoxmecal.com\/wp-content\/uploads\/2025\/05\/IMG-20210719-WA0002-136x102.jpg 136w, https:\/\/inoxmecal.com\/wp-content\/uploads\/2025\/05\/IMG-20210719-WA0002.jpg 1600w\" sizes=\"(max-width: 1024px) 100vw, 1024px\" \/><\/a><\/figure><\/li><\/ul>\n\n\n\n<table class=\"wp-block-table is-style-stripes\"><tbody><tr><td><img loading=\"lazy\" width=\"223\" height=\"45\" class=\"wp-image-704\" style=\"width: 350px;\" src=\"https:\/\/inoxmecal.com\/wp-content\/uploads\/2025\/11\/inoxmecal-peque\u00f1o-1.png\" alt=\"\"><\/td><td> Esta empresa ha recibido una subvenci\u00f3n del Gobierno de Navarra al amparo de la convocatoria de 2019 de ayudas a la inversi\u00f3n en pymes industriales. <\/td><\/tr><tr><td><\/td><td><img loading=\"lazy\" width=\"890\" height=\"500\" class=\"wp-image-485\" style=\"width: 200px;\" src=\"https:\/\/inoxmecal.com\/wp-content\/uploads\/2019\/10\/2015100518344492137.jpg\" alt=\"\" srcset=\"https:\/\/inoxmecal.com\/wp-content\/uploads\/2019\/10\/2015100518344492137.jpg 890w, https:\/\/inoxmecal.com\/wp-content\/uploads\/2019\/10\/2015100518344492137-300x169.jpg 300w, https:\/\/inoxmecal.com\/wp-content\/uploads\/2019\/10\/2015100518344492137-768x431.jpg 768w\" sizes=\"(max-width: 890px) 100vw, 890px\" \/><\/td><\/tr><tr><td><img loading=\"lazy\" width=\"224\" height=\"45\" class=\"wp-image-705\" style=\"width: 150px;\" src=\"https:\/\/inoxmecal.com\/wp-content\/uploads\/2025\/11\/inoxmecal-laser-peque-1.png\" alt=\"\"><\/td><td> \u201cEl proyecto de inversi\u00f3n plegadora ha sido cofinanciado mediante una subvenci\u00f3n del Gobierno de Navarra al amparo de la convocatoria de 2023 de Ayudas a la inversi\u00f3n en pymes industriales\u201d <\/td><\/tr><\/tbody><\/table>\n\n\n\n<p><\/p>\n","protected":false},"excerpt":{"rendered":"<p>\u00abLas oportunidades no pasan, las creas\u00bb INOXMECAL SERRANO es una empresa que desde el 2007 dedica su actividad a la fabricaci\u00f3n de estructuras met\u00e1licas especializada en calderer\u00eda de inoxidable y de mecanizado, levantada sobre una parcela de 5.000 metros cuadrados con una nave que ocupa una superficie de 3.600 metros en la localidad de Marcilla [&hellip;]<\/p>\n","protected":false},"author":1,"featured_media":0,"parent":0,"menu_order":0,"comment_status":"closed","ping_status":"closed","template":"","meta":[],"_links":{"self":[{"href":"https:\/\/inoxmecal.com\/index.php\/wp-json\/wp\/v2\/pages\/92"}],"collection":[{"href":"https:\/\/inoxmecal.com\/index.php\/wp-json\/wp\/v2\/pages"}],"about":[{"href":"https:\/\/inoxmecal.com\/index.php\/wp-json\/wp\/v2\/types\/page"}],"author":[{"embeddable":true,"href":"https:\/\/inoxmecal.com\/index.php\/wp-json\/wp\/v2\/users\/1"}],"replies":[{"embeddable":true,"href":"https:\/\/inoxmecal.com\/index.php\/wp-json\/wp\/v2\/comments?post=92"}],"version-history":[{"count":55,"href":"https:\/\/inoxmecal.com\/index.php\/wp-json\/wp\/v2\/pages\/92\/revisions"}],"predecessor-version":[{"id":708,"href":"https:\/\/inoxmecal.com\/index.php\/wp-json\/wp\/v2\/pages\/92\/revisions\/708"}],"wp:attachment":[{"href":"https:\/\/inoxmecal.com\/index.php\/wp-json\/wp\/v2\/media?parent=92"}],"curies":[{"name":"wp","href":"https:\/\/api.w.org\/{rel}","templated":true}]}}