{"id":71,"date":"2019-10-04T16:14:19","date_gmt":"2019-10-04T16:14:19","guid":{"rendered":"http:\/\/inoxmecal.com\/wordpress\/?page_id=71"},"modified":"2025-02-11T11:55:43","modified_gmt":"2025-02-11T11:55:43","slug":"privacidad","status":"publish","type":"page","link":"https:\/\/inoxmecal.com\/index.php\/privacidad\/","title":{"rendered":"Privacidad"},"content":{"rendered":"\n<h1>INFORMACI\u00d3N B\u00c1SICA SOBRE PROTECCI\u00d3N DE DATOS<\/h1>\n\n<table>\n    <tr>\n        <th>Responsable<\/th>\n        <td>INOXMECAL SERRANO SLU<\/td>\n    <\/tr>\n    <tr>\n        <th>Finalidad<\/th>\n        <td>Prestar los servicios solicitados y atender sus solicitudes de contacto a trav\u00e9s de nuestros formularios de la p\u00e1gina web www.inoxmecal.com.<\/td>\n    <\/tr>\n    <tr>\n        <th>Legitimaci\u00f3n<\/th>\n        <td>Ejecuci\u00f3n de un contrato.<br>Consentimiento del interesado.<br>Inter\u00e9s leg\u00edtimo del Responsable<\/td>\n    <\/tr>\n    <tr>\n        <th>Destinatarios<\/th>\n        <td>No se ceder\u00e1n datos a terceros, salvo obligaci\u00f3n legal.<\/td>\n    <\/tr>\n    <tr>\n        <th>Derechos<\/th>\n        <td>Tiene derecho a acceder, rectificar y suprimir los datos, as\u00ed como otros derechos, indicados en la informaci\u00f3n adicional, que puede ejercer en el apartado &#8220;Ejercicios de derechos ArSol&#8221; en nuestra p\u00e1gina web www.inoxmecal.com.<\/td>\n    <\/tr>\n    <tr>\n        <th>Informaci\u00f3n adicional<\/th>\n        <td>Solicitar en el mail administraci\u00f3n@inoxmecal.com<\/td>\n    <\/tr>\n<\/table>\n\n<h2>INFORMACI\u00d3N ADICIONAL SOBRE PROTECCI\u00d3N DE DATOS<\/h2>\n\n<p><strong>\u00bfQui\u00e9n es el responsable del tratamiento de sus datos?<\/strong><\/p>\n<p><strong>Identidad:<\/strong> INOXMECAL SERRANO SLU<br>\n<strong>CIF:<\/strong> B31915788<br>\n<strong>Direcci\u00f3n postal:<\/strong> Pol. Ind. El Campillo C\/B N\u00ba2, 31340 Marcilla, Navarra<br>\n<strong>Tel\u00e9fono:<\/strong> 948754663<br>\n<strong>Correo electr\u00f3nico:<\/strong> administraci\u00f3n@inoxmecal.com<\/p>\n\n<p><strong>\u00bfCon qu\u00e9 finalidad tratamos sus datos personales?<\/strong><\/p>\n<p>En INOXMECAL SERRANO SLU tratamos la informaci\u00f3n que nos facilitan las personas interesadas con el fin de prestar los servicios solicitados y atender sus solicitudes de contacto a trav\u00e9s de nuestros formularios de la p\u00e1gina web www.inoxmecal.com.<\/p>\n\n<p><strong>\u00bfPor cu\u00e1nto tiempo conservaremos sus datos?<\/strong><\/p>\n<p>Los datos se conservar\u00e1n mientras no solicite su supresi\u00f3n.<\/p>\n\n<p><strong>\u00bfCu\u00e1l es la legitimaci\u00f3n para el tratamiento de sus datos?<\/strong><\/p>\n<p>Le indicamos la base legal para el tratamiento de sus datos: Inter\u00e9s Leg\u00edtimo del responsable: tratamientos necesarios para la atenci\u00f3n de las solicitudes y correcto funcionamiento de la web.<\/p>\n\n<p><strong>\u00bfA qu\u00e9 destinatarios se comunicar\u00e1n sus datos?<\/strong><\/p>\n<p>No se ceder\u00e1n datos a terceros, salvo obligaci\u00f3n legal.<\/p>\n\n<p><strong>\u00bfTransferencias de datos a terceros pa\u00edses?<\/strong><\/p>\n<p>No est\u00e1n previstas transferencias de datos a terceros pa\u00edses.<\/p>\n\n<p><strong>\u00bfCu\u00e1les son sus derechos cuando nos facilita sus datos?<\/strong><\/p>\n<p>Cualquier persona tiene derecho a obtener confirmaci\u00f3n sobre si en INOXMECAL SERRANO SLU estamos tratando datos personales que les conciernan, o no. Las personas interesadas tienen derecho a acceder a sus datos personales, as\u00ed como a solicitar la rectificaci\u00f3n de los datos inexactos o, en su caso, solicitar su supresi\u00f3n cuando, entre otros motivos, los datos ya no sean necesarios para los fines que fueron recogidos.<\/p>\n<p>En determinadas circunstancias, los interesados podr\u00e1n solicitar la limitaci\u00f3n del tratamiento de sus datos, en cuyo caso \u00fanicamente los conservaremos para el ejercicio o la defensa de reclamaciones. Asimismo, en los supuestos legalmente establecidos, tendr\u00e1 derecho a la portabilidad de sus datos personales.<\/p>\n<p>Igualmente, y por motivos relacionados con su situaci\u00f3n particular, los interesados podr\u00e1n oponerse al tratamiento de sus datos. En este caso, INOXMECAL SERRANO SLU dejar\u00e1n de tratar los datos, salvo por motivos leg\u00edtimos imperiosos, o el ejercicio o la defensa de posibles reclamaciones.<\/p>\n<p>Si ha otorgado su consentimiento para alguna finalidad concreta, tiene derecho a retirar el consentimiento otorgado en cualquier momento, sin que ello afecte a la licitud del tratamiento basado en el consentimiento previo a su retirada.<\/p>\n<p>Podr\u00e1 ejercitar materialmente sus derechos en el apartado &#8220;Ejercicios de derechos ArSol&#8221; en nuestra p\u00e1gina web www.inoxmecal.com.<\/p>\n\n<p>En caso de que sienta vulnerados sus derechos en lo concerniente a la protecci\u00f3n de sus datos personales, especialmente cuando no haya obtenido satisfacci\u00f3n en el ejercicio de sus derechos, puede dirigirse al Delegado de Protecci\u00f3n de datos y si no podr\u00e1 presentar una reclamaci\u00f3n ante la Autoridad de Control en materia de Protecci\u00f3n de Datos competente a trav\u00e9s de su sitio web: <a href=\"http:\/\/www.aepd.es\/\" target=\"_blank\" rel=\"noopener noreferrer\">http:\/\/www.aepd.es\/<\/a>.<\/p>\n\n","protected":false},"excerpt":{"rendered":"<p>INFORMACI\u00d3N B\u00c1SICA SOBRE PROTECCI\u00d3N DE DATOS Responsable INOXMECAL SERRANO SLU Finalidad Prestar los servicios solicitados y atender sus solicitudes de contacto a trav\u00e9s de nuestros formularios de la p\u00e1gina web www.inoxmecal.com. Legitimaci\u00f3n Ejecuci\u00f3n de un contrato.Consentimiento del interesado.Inter\u00e9s leg\u00edtimo del Responsable Destinatarios No se ceder\u00e1n datos a terceros, salvo obligaci\u00f3n legal. Derechos Tiene derecho a [&hellip;]<\/p>\n","protected":false},"author":1,"featured_media":0,"parent":0,"menu_order":0,"comment_status":"closed","ping_status":"closed","template":"","meta":[],"_links":{"self":[{"href":"https:\/\/inoxmecal.com\/index.php\/wp-json\/wp\/v2\/pages\/71"}],"collection":[{"href":"https:\/\/inoxmecal.com\/index.php\/wp-json\/wp\/v2\/pages"}],"about":[{"href":"https:\/\/inoxmecal.com\/index.php\/wp-json\/wp\/v2\/types\/page"}],"author":[{"embeddable":true,"href":"https:\/\/inoxmecal.com\/index.php\/wp-json\/wp\/v2\/users\/1"}],"replies":[{"embeddable":true,"href":"https:\/\/inoxmecal.com\/index.php\/wp-json\/wp\/v2\/comments?post=71"}],"version-history":[{"count":6,"href":"https:\/\/inoxmecal.com\/index.php\/wp-json\/wp\/v2\/pages\/71\/revisions"}],"predecessor-version":[{"id":591,"href":"https:\/\/inoxmecal.com\/index.php\/wp-json\/wp\/v2\/pages\/71\/revisions\/591"}],"wp:attachment":[{"href":"https:\/\/inoxmecal.com\/index.php\/wp-json\/wp\/v2\/media?parent=71"}],"curies":[{"name":"wp","href":"https:\/\/api.w.org\/{rel}","templated":true}]}}