{"id":586,"date":"2025-02-11T10:49:20","date_gmt":"2025-02-11T10:49:20","guid":{"rendered":"https:\/\/inoxmecal.com\/?page_id=586"},"modified":"2025-02-11T10:49:21","modified_gmt":"2025-02-11T10:49:21","slug":"ejercicio-de-derechos-arsol","status":"publish","type":"page","link":"https:\/\/inoxmecal.com\/index.php\/ejercicio-de-derechos-arsol\/","title":{"rendered":"Ejercicio de derechos ArSol"},"content":{"rendered":"\n<script type=\"text\/javascript\" src=\"https:\/\/consentimientos.com\/webservice\/gfm_consentimientos_b.js\"><\/script>\n<script type=\"text\/javascript\" src=\"https:\/\/code.jquery.com\/jquery-3.4.1.min.js\"><\/script>\n<script type=\"text\/javascript\">\n\tvar par1 = 'c2ef420b-3182-4dae-8206-24437814313f';\n\tvar par2 = '23c773ca-9a34-4d7e-95bc-a2b1150c8118';\n\tfunction setArsol(){\n\t\tvar _no_autorizo_envio_comunicaciones = 0;\n\t\tif (jQuery('#no_autorizo_envio_comunicaciones').prop('checked')){\n\t\t\t_no_autorizo_envio_comunicaciones = 1;\n\t\t}\n\t\tvar _no_autorizo_envio_comunicaciones_mensajeria_instantanea = 0;\n\t\tif (jQuery('#no_autorizo_envio_comunicaciones_mensajeria_instantanea').prop('checked')){\n\t\t\t_no_autorizo_envio_comunicaciones_mensajeria_instantanea = 1;\n\t\t}\n\t\tvar _no_autorizo_publicacion_imagenes_web = 0;\n\t\tif (jQuery('#no_autorizo_publicacion_imagenes_web').prop('checked')){\n\t\t\t_no_autorizo_publicacion_imagenes_web = 1;\n\t\t}\n\t\tvar _no_autorizo_publicacion_imagenes_redes = 0;\n\t\tif (jQuery('#no_autorizo_publicacion_imagenes_redes').prop('checked')){\n\t\t\t_no_autorizo_publicacion_imagenes_redes = 1;\n\t\t}\n\t\tvar _no_autorizo_publicacion_intranet_corporativa = 0;\n\t\tif (jQuery('#no_autorizo_publicacion_intranet_corporativa').prop('checked')){\n\t\t\t_no_autorizo_publicacion_intranet_corporativa = 1;\n\t\t}\n\t\tvar _no_autorizo_cesion_terceros = 0;\n\t\tif (jQuery('#no_autorizo_cesion_terceros').prop('checked')){\n\t\t\t_no_autorizo_cesion_terceros = 1;\n\t\t}\n\t\tvar _no_autorizo_tratamiento_datos_menores = 0;\n\t\tif (jQuery('#no_autorizo_tratamiento_datos_menores').prop('checked')){\n\t\t\t_no_autorizo_tratamiento_datos_menores = 1;\n\t\t}\n\t\tvar _no_autorizo_tratamiento_imagenes_reconocimiento_facial = 0;\n\t\tif (jQuery('#no_autorizo_tratamiento_imagenes_reconocimiento_facial').prop('checked')){\n\t\t\t_no_autorizo_tratamiento_imagenes_reconocimiento_facial = 1;\n\t\t}\n\t\tvar _no_autorizo_tratamiento_datos_bio = 0;\n\t\tif (jQuery('#no_autorizo_tratamiento_datos_bio').prop('checked')){\n\t\t\t_no_autorizo_tratamiento_datos_bio = 1;\n\t\t}\n\t\tvar _no_autorizo_tratamiento_datos_salud = 0;\n\t\tif (jQuery('#no_autorizo_tratamiento_datos_salud').prop('checked')){\n\t\t\t_no_autorizo_tratamiento_datos_salud = 1;\n\t\t}\n\t\tvar _no_autorizo_utilizacion_datos_personales_polizas_anuladas = 0;\n\t\tif (jQuery('#no_autorizo_utilizacion_datos_personales_polizas_anuladas').prop('checked')){\n\t\t\t_no_autorizo_utilizacion_datos_personales_polizas_anuladas = 1;\n\t\t}\n\t\tvar _otros_derechos = jQuery('#otros_derechos').val();\n\t\tvar parametros = '{\"PAR1\":\"' + par1 + '\", \"PAR2\":\"' + par2 + '\", \"fecha\":\"\", \"fecha_contestado\":\"\", \"derecho\":\"' + jQuery('#derecho').children(\"option:selected\").val() + '\", \"no_autorizo_envio_comunicaciones\":\"' + _no_autorizo_envio_comunicaciones + '\", \"no_autorizo_envio_comunicaciones_mensajeria_instantanea\":\"' + _no_autorizo_envio_comunicaciones_mensajeria_instantanea + '\", \"no_autorizo_publicacion_imagenes_web\":\"' + _no_autorizo_publicacion_imagenes_web + '\", \"no_autorizo_publicacion_imagenes_redes\":\"' + _no_autorizo_publicacion_imagenes_redes + '\", \"no_autorizo_publicacion_intranet_corporativa\":\"' + _no_autorizo_publicacion_intranet_corporativa + '\", \"no_autorizo_cesion_terceros\":\"' + _no_autorizo_cesion_terceros + '\", \"no_autorizo_tratamiento_datos_menores\":\"' + _no_autorizo_tratamiento_datos_menores + '\", \"no_autorizo_tratamiento_imagenes_reconocimiento_facial\":\"' + _no_autorizo_tratamiento_imagenes_reconocimiento_facial + '\", \"no_autorizo_tratamiento_datos_bio\":\"' + _no_autorizo_tratamiento_datos_bio + '\", \"no_autorizo_tratamiento_datos_salud\":\"' + _no_autorizo_tratamiento_datos_salud + '\", \"no_autorizo_utilizacion_datos_personales_polizas_anuladas\":\"' + _no_autorizo_utilizacion_datos_personales_polizas_anuladas + '\", \"otros_derechos\":\"' + _otros_derechos + '\", \"estado\":\"solicitado\", \"nombre\":\"' + jQuery('#nombre').val() + '\", \"apellido\":\"' + jQuery('#apellido').val() + '\", \"apellido2\":\"' + jQuery('#apellido2').val() + '\", \"dni\":\"' + jQuery('#dni').val() + '\", \"email\":\"' + jQuery('#email').val() + '\", \"menornombre\":\"' + jQuery('#nombremenor').val() + '\", \"menorapellido\":\"' + jQuery('#apellidomenor').val() + '\", \"menorapellido2\":\"' + jQuery('#apellidomenor2').val() + '\", \"contrato\":\"\", \"mensaje\":\"' + jQuery('#mensaje').val() + '\", \"movil\":\"' + jQuery('#movil').val() + '\"}'\n\t\tconsole.log(parametros);\n\t\tjQuery.ajax({\n\t\t\ttype: 'POST',\n\t\t\turl: 'https:\/\/consentimientos.com\/webservice\/api.asmx\/setARSOL_2024',\n\t\t\tdata: parametros,\n\t\t\tdataType: 'json',\n\t\t\tcontentType: \"application\/json; charset=utf-8\",\n\t\t\tasync: true,\n\t\t\tsuccess: function (response) {\n\t\t\t\tconsole.log(response.d);\n\t\t\t\tcorrecta = response.d;\n\t\t\t\tjQuery('#div_formulario').hide();\n\t\t\t\tjQuery('#div_agradecimiento').show();\n\t\t\t\tlimpiar();\n\t\t\t},\n\t\t\terror: function (error) {\n\t\t\t\tconsole.log(error.responseText);\n\t\t\t}\n\t\t});\n\t}\n\tfunction limpiar(){\n\t\tjQuery('#nombre').val('');\n\t\tjQuery('#apellido').val('');\n\t\tjQuery('#apellido2').val('');\n\t\tjQuery('#dni').val('');\n\t\tjQuery('#dni_file').val('');\n\t\tjQuery('#movil').val('');\n\t\tjQuery('#email').val('');\n\t\tjQuery('#nombremenor').val('');\n\t\tjQuery('#apellidomenor').val('');\n\t\tjQuery('#apellidomenor2').val('');\n\t\tjQuery('#mensaje').val('');\n\t\tjQuery('#movil').val('');\n\t\tjQuery('#representacion_menor').prop('checked', false);\n\t\tjQuery('#no_autorizo_envio_comunicaciones').prop('checked', false);\n\t\tjQuery('#no_autorizo_publicacion_imagenes_web').prop('checked', false);\n\t\tjQuery('#no_autorizo_publicacion_imagenes_redes').prop('checked', false);\n\t\tjQuery('#no_autorizo_publicacion_intranet_corporativa').prop('checked', false);\n\t\tjQuery('#no_autorizo_cesion_terceros').prop('checked', false);\n\t\tjQuery('#no_autorizo_tratamiento_datos_menores').prop('checked', false);\n\t\tjQuery('#no_autorizo_tratamiento_datos_bio').prop('checked', false);\n\t\tjQuery('#no_autorizo_tratamiento_datos_salud').prop('checked', false);\t\n\t\tjQuery('#no_autorizo_utilizacion_datos_personales_polizas_anuladas').prop('checked', false);\n\t}\n\tfunction validar(){\n\t\tif (document.getElementById('nombre').value==''){\n\t\t\talert('El campo nombre no puede estar vac\u00edo.');\n\t\t\treturn false;\n\t\t}\n\t\tif (document.getElementById('apellido').value==''){\n\t\t\talert('El campo apellido no puede estar vac\u00edo.');\n\t\t\treturn false;\n\t\t}\n\t\tif (document.getElementById('dni').value==''){\n\t\t\talert('El campo DNI no puede estar vac\u00edo.');\n\t\t\treturn false;\n\t\t}\n\t\tif (jQuery('#email').val()==''){\n\t\t\talert('El campo email no puede estar vac\u00edo.');\n\t\t\treturn false;\n\t\t}\n\t\tif (jQuery('#movil').val()==''){\n\t\t\talert('El campo movil no puede estar vac\u00edo.');\n\t\t\treturn false;\n\t\t}\n\t\treturn true;\n\t}\n\tfunction enviarclick(){\n\t\tif(validar()){\t\n\t\t\tsetArsol();\t\n\t\t}\n\t}\n\tjQuery(document).ready(function() {\n\t\tjQuery('#derecho').change(function() {\n\t\t\tif (jQuery('#derecho').children(\"option:selected\").val() == 'supresion' || jQuery('#derecho').children(\"option:selected\").val() == 'oposicion' || jQuery('#derecho').children(\"option:selected\").val() == 'limitacion'|| jQuery('#derecho').children(\"option:selected\").val() == 'revocacion'){\n\t\t\t\tjQuery('#divCheckbox').show();\n\t\t\t}else{\n\t\t\t\tjQuery('#divCheckbox').hide();\n\t\t\t}\n\t\t});\n\t\tjQuery('#representacion_menor').change(function() {\n\t\t\tif(this.checked) {\n\t\t\t\tjQuery('#divMenor').show();\n\t\t\t}else{\n\t\t\t\tjQuery('#divMenor').hide();\n\t\t\t}\n\t\t});\n\t});\n<\/script>\n<style type=\"text\/css\">\n\t#form_arsol input[type=text]{\n\t\twidth: 250px;\n\t\theight: 30px;\n\t}\n\t#form_arsol .etiqueta{\n\t\tdisplay: inline-block;\n\t\twidth: 175px;\n\t}\n<\/style>\n<h1>Ejercicio de derechos ARSOL<\/h1>\n<br\/>\n<div id=\"texto_legal\">\n\t<h3>\u00bfCu\u00e1les son sus derechos cuando nos facilita sus datos?<\/h3>\n\n\t<p>Cualquier persona tiene derecho a obtener confirmaci\u00f3n sobre si en INOXMECAL SERRANO SLU estamos tratando datos personales que les conciernan, o no. Las  personas  interesadas  tienen  derecho  a  acceder  a  sus  datos  personales,  as\u00ed  como  a solicitar la rectificaci\u00f3n de los datos inexactos o, en su caso, solicitar su supresi\u00f3n cuando, entre otros motivos, los datos ya no sean necesarios para los fines que fueron recogidos.<\/p>\n\n\t<p>En determinadas circunstancias, los interesados podr\u00e1n solicitar la limitaci\u00f3n del tratamiento de sus datos, en cuyo caso \u00fanicamente los conservaremos para el ejercicio o la defensa de reclamaciones.En determinadas circunstancias y por motivos relacionados con su situaci\u00f3n particular, los interesados podr\u00e1n oponerse al tratamiento de sus datos. En este caso, INOXMECAL SERRANO SLU dejar\u00e1 de tratar los  datos, salvo  por  motivos  leg\u00edtimos  imperiosos,  o  el ejercicio o la defensa de posibles reclamaciones. Si ha otorgado su consentimiento para alguna finalidad concreta, tiene derecho a retirar, revocar, el consentimiento  otorgado  en  cualquier  momento,  sin  que  ello  afecte  a  la  licitud  del tratamiento basado en el consentimiento previo a su retirada<\/p>\n\n\t<p>Podr\u00e1 ejercitar materialmente sus derechos rellenando el siguiente formulario \u2018Ejercicio de Derechos Arsol\u2019. Una vez enviado este formulario, recibir\u00e1 un SMS en el tel\u00e9fono m\u00f3vil, indicado en el formulario, para validar su solicitud y acreditar su identidad. Esta validaci\u00f3n es necesaria para finalizar el proceso de ejercicio de derechos y poder atender su solicitud.<\/p>\n\t<p>En  caso  de  que  sienta  vulnerados sus  derechos  en  lo  concerniente  a  la  protecci\u00f3n  de  sus datos personales, especialmente cuando no haya obtenido satisfacci\u00f3n en el ejercicio de sus derechos,  puede  presentar  una  reclamaci\u00f3n  ante  la  Autoridad  de  Control  en  materia  de Protecci\u00f3n de Datos competente a trav\u00e9s de su sitio web: www.agpd.es<\/p>\n<\/div>\n\t<br\/>\n<div id=\"login\" style=\"margin-top:20px;\">\n\t<div id=\"div_formulario\" style=\"margin-bottom:40px;\">\n\t\t<form id=\"form_arsol\" class=\"form_arsol\" method=\"post\" onsubmit=\"return false;\">\n\t\t\t<label for=\"nombre\" class=\"etiqueta\">Nombre *: <\/label>\n\t\t\t<input type=\"text\" id=\"nombre\" name=\"nombre\" placeholder=\"* Nombre\" class=\"input\" \/><br\/><br\/>\n\t\t\t<label for=\"apellido\" class=\"etiqueta\">Apellido *: <\/label>\n\t\t\t<input type=\"text\" id=\"apellido\" name=\"apellido\" placeholder=\"* Apellido\" class=\"input\" \/><br\/><br\/>\n\t\t\t<label for=\"apellido2\" class=\"etiqueta\">Apellido 2 *: <\/label>\n\t\t\t<input type=\"text\" id=\"apellido2\" name=\"apellido2\" placeholder=\"* Apellido 2\" class=\"input\" \/><br\/><br\/>\n\t\t\t<label for=\"DNI\" class=\"etiqueta\">DNI *: <\/label>\n\t\t\t<input type=\"text\" id=\"dni\" name=\"dni\" placeholder=\"* DNI\" class=\"input\"\/><br\/><br\/>\n\t\t\t<label for=\"email\" class=\"etiqueta\">Email *: <\/label>\n\t\t\t<input type=\"text\" id=\"email\" name=\"email\" placeholder=\"* Email\" class=\"input\" \/><br\/><br\/>\n\t\t\t<label for=\"movil\" class=\"etiqueta\">Movil *: <\/label>\n\t\t\t<input type=\"text\" id=\"movil\" name=\"movil\" placeholder=\"* Movil\" class=\"input\" \/><br\/><br\/>\n\t\t\t<input type=\"checkbox\" id=\"representacion_menor\" name=\"representacion_menor\" \/>\n\t\t\t<label for=\"representacion_menor\">En representaci\u00f3n de menor de edad.<\/label><br\/><br\/>\n\t\t\t<div id=\"divMenor\" style=\"display:none;\">\n\t\t\t\t<label for=\"nombremenor\" class=\"etiqueta\">Nombre menor *: <\/label>\n\t\t\t\t<input type=\"text\" id=\"nombremenor\" name=\"nombremenor\" placeholder=\"* Nombre menor\" class=\"input\" \/><br\/><br\/>\n\t\t\t\t<label for=\"apellidomenor\" class=\"etiqueta\">Apellido menor *: <\/label>\n\t\t\t\t<input type=\"text\" id=\"apellidomenor\" name=\"apellidomenor\" placeholder=\"* Apellido menor\" class=\"input\" \/><br\/><br\/>\n\t\t\t\t<label for=\"apellidomenor2\" class=\"etiqueta\">Apellido menor 2 *: <\/label>\n\t\t\t\t<input type=\"text\" id=\"apellidomenor2\" name=\"apellidomenor2\" placeholder=\"* Apellido menor 2\" class=\"input\" \/><br\/><br\/>\n\t\t\t<\/div>\n\t\t\t<label for=\"mensaje\" class=\"etiqueta\">Mensaje: <\/label>\n\t\t\t<textarea type=\"text\" id=\"mensaje\" name=\"mensaje\" placeholder=\"Mensaje\" class=\"input\" style=\"background: #fbfbfb;color: #72777c;opacity: 1;font-size: 24px;width: 100%;padding: 3px;margin: 2px 6px 16px 0;\"><\/textarea><br><br>\n\t\t\t<label for=\"derecho\">Derecho: <\/label>\n\t\t\t<select id=\"derecho\" name=\"derecho\">\n\t\t\t\t<option value=\"acceso\">acceso<\/option>\n\t\t\t\t<option value=\"rectificacion\">rectificacion<\/option>\n\t\t\t\t<option value=\"supresion\">supresion<\/option>\n\t\t\t\t<option value=\"limitacion\">limitacion<\/option>\n\t\t\t\t<option value=\"oposicion\">oposicion<\/option>\n\t\t\t\t<option value=\"portabilidad\">portabilidad<\/option>\n\t\t\t\t<option value=\"revocacion\">revocacion<\/option>\n\t\t\t<\/select><br\/><br\/>\n\t\t\t<div id=\"divCheckbox\" style=\"display:none;\">\n\t\t\t\t<input type=\"checkbox\" id=\"no_autorizo_envio_comunicaciones\" name=\"no_autorizo_envio_comunicaciones\" \/>\n\t\t\t\t<label for=\"no_autorizo_envio_comunicaciones\">No autorizo env\u00edo comunicaciones comerciales.<\/label><br\/><br\/>\n\t\t\t\t<input type=\"checkbox\" id=\"no_autorizo_envio_comunicaciones_mensajeria_instantanea\" name=\"no_autorizo_envio_comunicaciones_mensajeria_instantanea\" \/>\n\t\t\t\t<label for=\"no_autorizo_envio_comunicaciones_mensajeria_instantanea\">No autorizo el env\u00edo de comunicaciones a trav\u00e9s de sistemas de mensajer\u00eda instant\u00e1nea, sms, whatsaap o plataformas similares.<\/label><br\/><br\/>\n\t\t\t\t<input type=\"checkbox\" id=\"no_autorizo_publicacion_imagenes_web\" name=\"no_autorizo_publicacion_imagenes_web\" \/>\n\t\t\t\t<label for=\"no_autorizo_publicacion_imagenes_web\">No autorizo publicaci\u00f3n im\u00e1genes en p\u00e1ginas web, revistas, publicaciones y redes sociales.<\/label><br\/><br\/>\n\t\t\t\t<input type=\"checkbox\" id=\"no_autorizo_publicacion_imagenes_redes\" name=\"no_autorizo_publicacion_imagenes_redes\" \/>\n\t\t\t\t<label for=\"no_autorizo_publicacion_imagenes_redes\">No autorizo la publicaci\u00f3n de datos identificativos en redes sociales.(RRSS)<\/label><br\/><br\/>\n\t\t\t\t<input type=\"checkbox\" id=\"no_autorizo_publicacion_intranet_corporativa\" name=\"no_autorizo_publicacion_intranet_corporativa\" \/>\n\t\t\t\t<label for=\"no_autorizo_publicacion_intranet_corporativa\">No autorizo publicaci\u00f3n de im\u00e1genes en intranet corporativa.<\/label><br\/><br\/>\n\t\t\t\t<input type=\"checkbox\" id=\"no_autorizo_cesion_terceros\" name=\"no_autorizo_cesion_terceros\" \/>\n\t\t\t\t<label for=\"no_autorizo_cesion_terceros\">No autorizo cesi\u00f3n de datos a terceros.<\/label><br\/><br\/>\n\t\t\t\t<input type=\"checkbox\" id=\"no_autorizo_tratamiento_datos_menores\" name=\"no_autorizo_tratamiento_datos_menores\" \/>\n\t\t\t\t<label for=\"no_autorizo_tratamiento_datos_menores\">No autorizo tratamiento datos menores representados.<\/label><br\/><br\/>\n\t\t\t\t<input type=\"checkbox\" id=\"no_autorizo_tratamiento_imagenes_reconocimiento_facial\" name=\"no_autorizo_tratamiento_imagenes_reconocimiento_facial\" \/>\n\t\t\t\t<label for=\"no_autorizo_tratamiento_imagenes_reconocimiento_facial\">No autorizo el tratamiento de im\u00e1genes para sistemas de reconocimiento facial con la finalidad de control de accesos y\/o registro de jornadas.<\/label><br\/><br\/>\n\t\t\t\t<input type=\"checkbox\" id=\"no_autorizo_tratamiento_datos_bio\" name=\"no_autorizo_tratamiento_datos_bio\" \/>\n\t\t\t\t<label for=\"no_autorizo_tratamiento_datos_bio\">No autorizo el tratamiento de datos biom\u00e9tricos, como la huella, para sistemas de control de accesos y\/o registros de jornada.<\/label><br\/><br\/>\n\t\t\t\t<input type=\"checkbox\" id=\"no_autorizo_tratamiento_datos_salud\" name=\"no_autorizo_tratamiento_datos_salud\" \/>\n\t\t\t\t<label for=\"no_autorizo_tratamiento_datos_salud\">No autorizo tratamiento de datos de salud.<\/label><br\/><br\/>\n\t\t\t\t<input type=\"checkbox\" id=\"no_autorizo_utilizacion_datos_personales_polizas_anuladas\" name=\"no_autorizo_utilizacion_datos_personales_polizas_anuladas\" \/>\n\t\t\t\t<label for=\"no_autorizo_utilizacion_datos_personales_polizas_anuladas\">No autorizo la utilizaci\u00f3n de los datos personales de p\u00f3lizas anuladas para contrataci\u00f3n de nuevos contratos de seguro y la cesi\u00f3n de los mismos a diferentes entidades aseguradoras.<\/label><br\/><br\/>\n\t\t\t\t<label for=\"otros_derechos\">Otros derechos.<\/label>\n\t\t\t\t<input type=\"text\" id=\"otros_derechos\" name=\"otros_derechos\" style=\"width:60%;\"\/>\n\t\t\t<\/div>\n\t\t\t<br\/><br\/>\n\t\t\t<div style=\"text-align:left;\">\n\t\t\t\tEn cumplimiento del Reglamento General de Protecci\u00f3n de datos Personales RGPD UE 2016\/679 y LOPD 3\/2018 y Garant\u00eda de Derechos Digitales le informamos que la empresa a la que se dirige., act\u00faa como responsable de tratamiento de los datos facilitados en este formulario, actuando con la base jur\u00eddica del Cumplimiento de una obligaci\u00f3n legal, con la finalidad de la Atenci\u00f3n de los Derechos Fundamentales de acceso, rectificaci\u00f3n, supresi\u00f3n o limitaci\u00f3n del tratamiento y otros derechos. Del mismo modo le informamos no se ceden a terceros destinatarios salvo por requerimiento de la Autoridad de control, Agencia Espa\u00f1ola de Protecci\u00f3n de datos.\n\t\t\t<\/div>\n\t\t\t<br\/><br\/>\n\t\t\t<button type=\"button\" onclick=\"enviarclick();return false;\" class=\"button button-primary button-large\" style=\"margin-right:10px;\">Enviar<\/button>\n\t\t\t<br\/><br\/><br\/>\n\t\t\t<small><i>Los campos marcados con * son obligatorios<\/i><\/small><br\/><br\/>\n\t\t<\/form>\n\t<\/div>\n\t<div id=\"div_agradecimiento\" style=\"display:none;text-align:center;margin-top:100px;margin-bottom:250px;color:black;\">\n\t\t<h1>Su solicitud ha sido enviada.<\/h1>\n\t<\/div>\n<\/div>\n\n","protected":false},"excerpt":{"rendered":"<p>Ejercicio de derechos ARSOL \u00bfCu\u00e1les son sus derechos cuando nos facilita sus datos? Cualquier persona tiene derecho a obtener confirmaci\u00f3n sobre si en INOXMECAL SERRANO SLU estamos tratando datos personales que les conciernan, o no. Las personas interesadas tienen derecho a acceder a sus datos personales, as\u00ed como a solicitar la rectificaci\u00f3n de los datos [&hellip;]<\/p>\n","protected":false},"author":1,"featured_media":0,"parent":0,"menu_order":0,"comment_status":"closed","ping_status":"closed","template":"","meta":[],"_links":{"self":[{"href":"https:\/\/inoxmecal.com\/index.php\/wp-json\/wp\/v2\/pages\/586"}],"collection":[{"href":"https:\/\/inoxmecal.com\/index.php\/wp-json\/wp\/v2\/pages"}],"about":[{"href":"https:\/\/inoxmecal.com\/index.php\/wp-json\/wp\/v2\/types\/page"}],"author":[{"embeddable":true,"href":"https:\/\/inoxmecal.com\/index.php\/wp-json\/wp\/v2\/users\/1"}],"replies":[{"embeddable":true,"href":"https:\/\/inoxmecal.com\/index.php\/wp-json\/wp\/v2\/comments?post=586"}],"version-history":[{"count":1,"href":"https:\/\/inoxmecal.com\/index.php\/wp-json\/wp\/v2\/pages\/586\/revisions"}],"predecessor-version":[{"id":587,"href":"https:\/\/inoxmecal.com\/index.php\/wp-json\/wp\/v2\/pages\/586\/revisions\/587"}],"wp:attachment":[{"href":"https:\/\/inoxmecal.com\/index.php\/wp-json\/wp\/v2\/media?parent=586"}],"curies":[{"name":"wp","href":"https:\/\/api.w.org\/{rel}","templated":true}]}}